{"id":8011,"date":"2025-10-27T17:23:12","date_gmt":"2025-10-27T16:23:12","guid":{"rendered":"https:\/\/esorecycling.dk\/?page_id=8011"},"modified":"2026-03-31T10:37:48","modified_gmt":"2026-03-31T08:37:48","slug":"progetto-demanu-goal","status":"publish","type":"page","link":"https:\/\/esorecycling.dk\/it\/progetto-demanu-goal\/","title":{"rendered":"Progetto DEMANU.GOAL"},"content":{"rendered":"\n<section id=\"block_049e80c32daf7fd07e5eb9625e408eb3\" class=\"acf-block acf-block-occhiello-titolo-testo\">\n    <div class=\"container py-8\">\n        <div class=\"flex flex-col gap-4 text-center\">\n            <hgroup class=\"flex flex-col gap-1\">\n                <h2 class=\"uppercase font-medium\"><\/h2>\n                <h2 class=\"text-lg lg:text-xl\">Progetto DEMANU.GOAL \u2013 Demanufacturing per prototipi sostenibili <\/h1>\n            <\/hgroup>\n            <hr class=\"divider mx-auto\" \/>\n            <div class=\"\"><div style=\"font-family: Arial, Helvetica, sans-serif; color: #333; line-height: 1.7; max-width: 980px; margin: 0 auto; padding: 40px 20px;\">\n<style>\n    strong, b {\n      font-weight: 600 !important;\n      color: #000 !important;\n    }\n    h2 {\n      color: #333 !important;\n      font-size: 1.7em !important;\n      margin-top: 45px !important;\n      margin-bottom: 20px !important;\n      text-align: center !important;\n      font-weight: 700 !important;\n      letter-spacing: 0.2px;\n    }\n    img {\n      max-width: 100%;\n      height: auto;\n      display: block;\n      margin: 0 auto;\n      border-radius: 10px;\n    }\n    p, ul {\n      margin-left: auto;\n      margin-right: auto;\n      max-width: 900px;\n      font-size: 1rem;\n    }\n    ul {\n      padding-left: 20px;\n    }\n  <\/style>\n<p>  <!-- Immagine di apertura --><\/p>\n<div style=\"margin-bottom: 40px;\">\n    <img decoding=\"async\" src=\"https:\/\/esorecycling.dk\/wp-content\/uploads\/2025\/10\/Immagine-2025-10-27-174415.png\" alt=\"Progetto DEMANU.GOAL Marche\" title=\"\">\n  <\/div>\n<p>  <!-- Testata descrittiva --><\/p>\n<p style=\"font-size: 0.95rem; text-align: left; margin-bottom: 30px;\">\n    <strong><em>PR FESR MARCHE 2021\u20132027 \u2013 Azione 1.1.1<\/em><\/strong><br \/>\n    <em>Bando \u201cRicerca e Sviluppo per innovare le Marche\u201d \u2013 Incentivi alle imprese per attivit\u00e0 di ricerca industriale e sviluppo sperimentale negli ambiti della Strategia regionale di specializzazione intelligente.<\/em>\n  <\/p>\n<p>  <!-- Titolo del progetto --><\/p>\n<h2><strong>Titolo del progetto<\/strong><\/h2>\n<p style=\"font-size: 1.25rem; font-weight: 600; color: #003399; text-align: center; margin-bottom: 45px;\">\n    DEMANU.GOAL \u2013 <em>Demanufacturing<\/em> per prototipi sostenibili\n  <\/p>\n<p>  <!-- Il partenariato --><\/p>\n<h2><strong>Il partenariato<\/strong><\/h2>\n<div style=\"margin-bottom: 40px;\">\n    <img decoding=\"async\" src=\"https:\/\/esorecycling.dk\/wp-content\/uploads\/2025\/11\/Immagine-2025-11-11-194125.png\" alt=\"Partenariato progetto DEMANU.GOAL\" style=\"max-width: 90%;\" title=\"\">\n  <\/div>\n<p>  <!-- Descrizione progetto --><\/p>\n<p style=\"margin-bottom: 16px; text-align: justify;\">\n    Il progetto <strong>DEMANU.GOAL<\/strong> mira a sviluppare soluzioni innovative d\u2019arredo, con particolare attenzione ai principi dell\u2019economia circolare.<br \/>\n    L\u2019obiettivo \u00e8 ideare e prototipare arredi sostenibili e circolari che utilizzino materiali riciclati o ecosostenibili e con alte prestazioni in termini di durabilit\u00e0, disassemblabilit\u00e0 e possibilit\u00e0 di riuso.\n  <\/p>\n<p style=\"margin-bottom: 16px; text-align: justify;\">\n    Le attivit\u00e0 di <strong>Ricerca Industriale<\/strong> e <strong>Sviluppo Sperimentale<\/strong> si concentrano sui nuovi materiali e sulle tecnologie per incrementare la circolarit\u00e0 dei prodotti,<br \/>\n    sull\u2019inclusione delle pratiche di <em>demanufacturing<\/em> nella progettazione dei prodotti,<br \/>\n    sull\u2019analisi del fine vita delle soluzioni prototipali realizzate e sulla definizione di un protocollo di certificazione per la circolarit\u00e0 dei processi di filiera.\n  <\/p>\n<p style=\"margin-bottom: 30px; text-align: justify;\">\n    Il progetto intende cos\u00ec contribuire alla transizione verso modelli produttivi pi\u00f9 sostenibili, migliorando la competitivit\u00e0 del settore e rispondendo alle nuove sfide ambientali e normative a livello europeo.\n  <\/p>\n<p>  <!-- Obiettivi --><\/p>\n<h2><strong>Obiettivi<\/strong><\/h2>\n<ul style=\"margin-bottom: 35px; text-align: left;\">\n<li>Sviluppare prototipi di arredi sostenibili e circolari che integrino innovative pratiche di <em>demanufacturing<\/em>.<\/li>\n<li>Favorire lo sviluppo di prodotti innovativi e circolari, riducendo gli sprechi e il loro impatto ambientale.<\/li>\n<li>Definire protocolli e strumenti per certificare la circolarit\u00e0 dei prodotti e dei processi di filiera.<\/li>\n<li>Contribuire alla transizione verso un modello economico circolare per il settore del Legno-Arredo.<\/li>\n<\/ul>\n<p>  <!-- Risultati attesi --><\/p>\n<h2><strong>Risultati attesi<\/strong><\/h2>\n<ul style=\"margin-bottom: 45px; text-align: left;\">\n<li>Realizzazione di almeno cinque prototipi di arredi ecosostenibili per diverse tipologie di prodotto (cucina, zona giorno e notte, materassi).<\/li>\n<li>Incremento della circolarit\u00e0 e riduzione dell\u2019impatto ambientale dei prodotti.<\/li>\n<li>Sviluppo di un protocollo di certificazione per la circolarit\u00e0 dei prodotti e dei processi nella filiera Legno-Arredo.<\/li>\n<li>Rafforzamento della competitivit\u00e0 del settore attraverso l\u2019incremento delle prestazioni di circolarit\u00e0 dei prodotti.<\/li>\n<\/ul>\n<p>  <!-- Box dati progetto --><\/p>\n<div style=\"background-color: #f5f5f5; border-radius: 10px; padding: 28px; margin: 0 auto 60px; max-width: 900px;\">\n<p><strong>Durata del progetto:<\/strong> 18 mesi<\/p>\n<p><strong>Importo cofinanziato:<\/strong> \u20ac 2.179.534,90<\/p>\n<p><strong>Intensit\u00e0 finanziamento:<\/strong> \u20ac 1.464.456,56<\/p>\n<p><strong>Programma:<\/strong> PR FESR MARCHE 2021\u20132027 \u2013 Azione 1.1.1 \u201cRicerca e Sviluppo per innovare le Marche\u201d<\/p>\n<p><strong>Ambito:<\/strong> Incentivi alle imprese per attivit\u00e0 di ricerca industriale e sviluppo sperimentale negli ambiti della Strategia regionale di specializzazione intelligente.<\/p>\n<\/p><\/div>\n<\/div>\n<\/div>\n        <\/div>\n    <\/div>\n<\/section>\n\n\n","protected":false},"excerpt":{"rendered":"","protected":false},"author":6,"featured_media":0,"parent":0,"menu_order":0,"comment_status":"closed","ping_status":"closed","template":"","meta":{"footnotes":""},"class_list":["post-8011","page","type-page","status-publish","hentry"],"acf":[],"_links":{"self":[{"href":"https:\/\/esorecycling.dk\/it\/wp-json\/wp\/v2\/pages\/8011","targetHints":{"allow":["GET"]}}],"collection":[{"href":"https:\/\/esorecycling.dk\/it\/wp-json\/wp\/v2\/pages"}],"about":[{"href":"https:\/\/esorecycling.dk\/it\/wp-json\/wp\/v2\/types\/page"}],"author":[{"embeddable":true,"href":"https:\/\/esorecycling.dk\/it\/wp-json\/wp\/v2\/users\/6"}],"replies":[{"embeddable":true,"href":"https:\/\/esorecycling.dk\/it\/wp-json\/wp\/v2\/comments?post=8011"}],"version-history":[{"count":42,"href":"https:\/\/esorecycling.dk\/it\/wp-json\/wp\/v2\/pages\/8011\/revisions"}],"predecessor-version":[{"id":8826,"href":"https:\/\/esorecycling.dk\/it\/wp-json\/wp\/v2\/pages\/8011\/revisions\/8826"}],"wp:attachment":[{"href":"https:\/\/esorecycling.dk\/it\/wp-json\/wp\/v2\/media?parent=8011"}],"curies":[{"name":"wp","href":"https:\/\/api.w.org\/{rel}","templated":true}]}}